{"id":3334,"date":"2021-11-05T23:26:56","date_gmt":"2021-11-05T22:26:56","guid":{"rendered":"https:\/\/www.cyprich.sk\/?page_id=3334"},"modified":"2022-10-12T10:16:18","modified_gmt":"2022-10-12T08:16:18","slug":"contact","status":"publish","type":"page","link":"https:\/\/www.cyprich.sk\/en\/contact\/","title":{"rendered":"Contact"},"content":{"rendered":"<div class=\"wpb-content-wrapper\"><p>[vc_row css=&#8221;.vc_custom_1615288247515{margin-top: -50px !important;padding-top: 1% !important;padding-bottom: 1% !important;background-color: rgba(149,192,193,0.3) !important;*background-color: rgb(149,192,193) !important;}&#8221; el_class=&#8221;contact-page&#8221;][vc_column width=&#8221;1\/3&#8243;][vc_custom_heading text=&#8221;Contact&#8221; font_container=&#8221;tag:h2|text_align:center&#8221; use_theme_fonts=&#8221;yes&#8221;][vc_raw_html css=&#8221;.vc_custom_1665562553721{margin-top: 30px !important;}&#8221;]JTNDZGl2JTIwY2xhc3MlM0QlMjJpY29uLWluZm8lMjIlM0UlM0NwJTNFJTNDc3Ryb25nJTNFQUREUkVTUyUzQyUyRnN0cm9uZyUzRSUzQ2JyJTNFJTBBTWlsZXRpJUM0JThEb3ZhJTIwNTcyJTJGMzklMkMlMjBCcmF0aXNsYXZhJTIwODIxJTIwMDklM0MlMkZwJTNFJTNDaSUyMGNsYXNzJTNEJTIyZmElMjBmYS1tYXAtbWFya2VyJTIyJTNFJTNDJTJGaSUzRSUzQyUyRmRpdiUzRQ==[\/vc_raw_html][vc_raw_html]JTNDZGl2JTIwY2xhc3MlM0QlMjJpY29uLWluZm8lMjIlM0UlM0NwJTNFJTNDc3Ryb25nJTNFQ0VMTCUyMFBIT05FJTNDJTJGc3Ryb25nJTNFJTNDYnIlM0UlMkI0MjElMjA5NDQlMjA0MDAlMjA4NDElM0MlMkZwJTNFJTNDaSUyMGNsYXNzJTNEJTIyZmElMjBmYS1waG9uZSUyMiUzRSUzQyUyRmklM0UlM0MlMkZkaXYlM0U=[\/vc_raw_html][vc_raw_html]JTNDZGl2JTIwY2xhc3MlM0QlMjJpY29uLWluZm8lMjIlM0UlM0NwJTNFJTNDc3Ryb25nJTNFRU1BSUwlM0MlMkZzdHJvbmclM0UlM0NiciUzRXphaHJhZHklNDBjeXByaWNoLnNrJTNDJTJGcCUzRSUzQ2klMjBjbGFzcyUzRCUyMmZhJTIwZmEtZW52ZWxvcGUlMjIlM0UlM0MlMkZpJTNFJTNDJTJGZGl2JTNFJTBBJTBB[\/vc_raw_html][\/vc_column][vc_column width=&#8221;1\/3&#8243;][vc_custom_heading text=&#8221;INVOICING DETAILS&#8221; font_container=&#8221;tag:h2|text_align:center&#8221; use_theme_fonts=&#8221;yes&#8221;][vc_row_inner css=&#8221;.vc_custom_1470190575083{margin-top: 30px !important;}&#8221;][vc_column_inner width=&#8221;1\/2&#8243;][vc_single_image image=&#8221;2329&#8243; alignment=&#8221;center&#8221;][\/vc_column_inner][vc_column_inner el_class=&#8221;support&#8221; width=&#8221;1\/2&#8243; css=&#8221;.vc_custom_1470724300993{padding-right: 0px !important;padding-left: 0px !important;}&#8221;][vc_custom_heading text=&#8221;<strong>CYPRICH s.r.o.<\/strong>&#8221; font_container=&#8221;tag:div|font_size:18|text_align:left&#8221; use_theme_fonts=&#8221;yes&#8221;][vc_custom_heading text=&#8221;I\u010cO 54463432<br \/>\nDI\u010c 2121698326<br \/>\nI\u010c DPH SK2121698326<br \/>\nMileti\u010dova 572\/39<br \/>\n82109 Bratislava&#8221; font_container=&#8221;tag:p|font_size:18|text_align:left&#8221; use_theme_fonts=&#8221;yes&#8221; css=&#8221;.vc_custom_1665562561618{margin-bottom: 5px !important;}&#8221;][\/vc_column_inner][\/vc_row_inner][\/vc_column][vc_column width=&#8221;1\/3&#8243;][vc_custom_heading text=&#8221;SOCIAL NETWORKS&#8221; font_container=&#8221;tag:h2|text_align:center&#8221; use_theme_fonts=&#8221;yes&#8221;][vc_raw_html css=&#8221;.vc_custom_1614116194329{margin-top: 30px !important;}&#8221;]JTNDdWwlMjBjbGFzcyUzRCUyMnNvY2lhbC1mb290ZXIlMjIlM0UlMEElM0NsaSUzRSUzQ2ElMjBocmVmJTNEJTIyaHR0cHMlM0ElMkYlMkZ3d3cuZmFjZWJvb2suY29tJTJGWmFocmFkeVphdmxhaHlDeXByaWNoJTIyJTNFJTNDaSUyMGNsYXNzJTNEJTIyZmElMjBmYS1mYWNlYm9vayUyMiUzRSUzQyUyRmklM0UlM0MlMkZhJTNFJTNDJTJGbGklM0UlMEElM0NsaSUzRSUzQ2ElMjBocmVmJTNEJTIyaHR0cHMlM0ElMkYlMkZ3d3cuaW5zdGFncmFtLmNvbSUyRnphaHJhZHlfemF2bGFoeSUyRiUyMiUzRSUzQ2klMjBjbGFzcyUzRCUyMmZhJTIwZmEtaW5zdGFncmFtJTIyJTNFJTNDJTJGaSUzRSUzQyUyRmElM0UlM0MlMkZsaSUzRSUwQSUzQyUyRnVsJTNFJTBB[\/vc_raw_html][vc_custom_heading text=&#8221;TERRITORIES&#8221; font_container=&#8221;tag:h2|text_align:center&#8221; use_theme_fonts=&#8221;yes&#8221;][vc_custom_heading text=&#8221;Slovakia, Czech Republic, Austria&#8221; font_container=&#8221;tag:p|font_size:18|text_align:center&#8221; use_theme_fonts=&#8221;yes&#8221; css=&#8221;.vc_custom_1636151431583{margin-bottom: 5px !important;}&#8221;][\/vc_column][\/vc_row][vc_row css=&#8221;.vc_custom_1470191980971{margin-top: 5% !important;margin-bottom: 5% !important;}&#8221;][vc_column css=&#8221;.vc_custom_1470196301492{padding-right: 0px !important;padding-left: 0px !important;}&#8221;][vc_custom_heading text=&#8221;WRITE TO US&#8221; font_container=&#8221;tag:h1|text_align:center&#8221; use_theme_fonts=&#8221;yes&#8221; css=&#8221;.vc_custom_1636151444350{margin-top: 0px !important;margin-bottom: 30px !important;}&#8221;][vc_column_text css=&#8221;.vc_custom_1636151470485{padding-right: 15% !important;padding-bottom: 4% !important;padding-left: 15% !important;}&#8221;]<\/p>\n<p style=\"text-align: center; font-style: italic; opacity: 0.7;\">If you have not found what you were looking for, or you need a piece of advice, do not hesitate, and send us your questions. We will arrange a meeting and make your dream garden come true.<\/p>\n<p>[\/vc_column_text]\n<div class=\"wpcf7 no-js\" id=\"wpcf7-f3345-o1\" lang=\"en-US\" dir=\"ltr\" data-wpcf7-id=\"3345\">\n<div class=\"screen-reader-response\"><p role=\"status\" aria-live=\"polite\" aria-atomic=\"true\"><\/p> <ul><\/ul><\/div>\n<form action=\"\/en\/wp-json\/wp\/v2\/pages\/3334#wpcf7-f3345-o1\" method=\"post\" class=\"wpcf7-form init\" aria-label=\"Contact form\" novalidate=\"novalidate\" data-status=\"init\">\n<fieldset class=\"hidden-fields-container\"><input type=\"hidden\" name=\"_wpcf7\" value=\"3345\" \/><input type=\"hidden\" name=\"_wpcf7_version\" value=\"6.1\" \/><input type=\"hidden\" name=\"_wpcf7_locale\" value=\"en_US\" \/><input type=\"hidden\" name=\"_wpcf7_unit_tag\" value=\"wpcf7-f3345-o1\" \/><input type=\"hidden\" name=\"_wpcf7_container_post\" value=\"0\" \/><input type=\"hidden\" name=\"_wpcf7_posted_data_hash\" value=\"\" \/><input type=\"hidden\" name=\"_wpcf7_recaptcha_response\" value=\"\" \/>\n<\/fieldset>\n<div class=\"ct_page\">\n\t<div class=\"content-1\">\n\t\t<p><span class=\"wpcf7-form-control-wrap\" data-name=\"your-name\"><input size=\"40\" maxlength=\"400\" class=\"wpcf7-form-control wpcf7-text wpcf7-validates-as-required\" aria-required=\"true\" aria-invalid=\"false\" placeholder=\"Name and Surname\" value=\"\" type=\"text\" name=\"your-name\" \/><\/span>\n\t\t<\/p>\n\t\t<p><br \/>\n<span class=\"wpcf7-form-control-wrap\" data-name=\"your-email\"><input size=\"40\" maxlength=\"400\" class=\"wpcf7-form-control wpcf7-email wpcf7-validates-as-required wpcf7-text wpcf7-validates-as-email\" aria-required=\"true\" aria-invalid=\"false\" placeholder=\"Email\" value=\"\" type=\"email\" name=\"your-email\" \/><\/span>\n\t\t<\/p>\n\t\t<p><br \/>\n<span class=\"wpcf7-form-control-wrap\" data-name=\"your-subject\"><input size=\"40\" maxlength=\"400\" class=\"wpcf7-form-control wpcf7-text wpcf7-validates-as-required\" aria-required=\"true\" aria-invalid=\"false\" placeholder=\"Phone\" value=\"\" type=\"text\" name=\"your-subject\" \/><\/span>\n\t\t<\/p>\n\t<\/div>\n\t<div class=\"content-2\">\n\t\t<p><br \/>\n<span class=\"wpcf7-form-control-wrap\" data-name=\"your-message\"><textarea cols=\"40\" rows=\"10\" maxlength=\"2000\" class=\"wpcf7-form-control wpcf7-textarea\" aria-invalid=\"false\" placeholder=\"Message\" name=\"your-message\"><\/textarea><\/span>\n\t\t<\/p>\n\t\t<p><input class=\"wpcf7-form-control wpcf7-submit has-spinner\" type=\"submit\" value=\"Send\" \/>\n\t\t<\/p>\n\t<\/div>\n<\/div><div class=\"wpcf7-response-output\" aria-hidden=\"true\"><\/div>\n<\/form>\n<\/div>\n[\/vc_column][\/vc_row]<\/p>\n<\/div>","protected":false},"excerpt":{"rendered":"<p>[vc_row css=&#8221;.vc_custom_1615288247515{margin-top: -50px !important;padding-top: 1% !important;padding-bottom: 1% !important;background-color: rgba(149,192,193,0.3) !important;*background-color: rgb(149,192,193) !important;}&#8221; el_class=&#8221;contact-page&#8221;][vc_column width=&#8221;1\/3&#8243;][vc_custom_heading text=&#8221;Contact&#8221; font_container=&#8221;tag:h2|text_align:center&#8221; use_theme_fonts=&#8221;yes&#8221;][vc_raw_html css=&#8221;.vc_custom_1665562553721{margin-top: 30px !important;}&#8221;]JTNDZGl2JTIwY2xhc3MlM0QlMjJpY29uLWluZm8lMjIlM0UlM0NwJTNFJTNDc3Ryb25nJTNFQUREUkVTUyUzQyUyRnN0cm9uZyUzRSUzQ2JyJTNFJTBBTWlsZXRpJUM0JThEb3ZhJTIwNTcyJTJGMzklMkMlMjBCcmF0aXNsYXZhJTIwODIxJTIwMDklM0MlMkZwJTNFJTNDaSUyMGNsYXNzJTNEJTIyZmElMjBmYS1tYXAtbWFya2VyJTIyJTNFJTNDJTJGaSUzRSUzQyUyRmRpdiUzRQ==[\/vc_raw_html][vc_raw_html]JTNDZGl2JTIwY2xhc3MlM0QlMjJpY29uLWluZm8lMjIlM0UlM0NwJTNFJTNDc3Ryb25nJTNFQ0VMTCUyMFBIT05FJTNDJTJGc3Ryb25nJTNFJTNDYnIlM0UlMkI0MjElMjA5NDQlMjA0MDAlMjA4NDElM0MlMkZwJTNFJTNDaSUyMGNsYXNzJTNEJTIyZmElMjBmYS1waG9uZSUyMiUzRSUzQyUyRmklM0UlM0MlMkZkaXYlM0U=[\/vc_raw_html][vc_raw_html]JTNDZGl2JTIwY2xhc3MlM0QlMjJpY29uLWluZm8lMjIlM0UlM0NwJTNFJTNDc3Ryb25nJTNFRU1BSUwlM0MlMkZzdHJvbmclM0UlM0NiciUzRXphaHJhZHklNDBjeXByaWNoLnNrJTNDJTJGcCUzRSUzQ2klMjBjbGFzcyUzRCUyMmZhJTIwZmEtZW52ZWxvcGUlMjIlM0UlM0MlMkZpJTNFJTNDJTJGZGl2JTNFJTBBJTBB[\/vc_raw_html][\/vc_column][vc_column width=&#8221;1\/3&#8243;][vc_custom_heading text=&#8221;INVOICING DETAILS&#8221; font_container=&#8221;tag:h2|text_align:center&#8221; use_theme_fonts=&#8221;yes&#8221;][vc_row_inner css=&#8221;.vc_custom_1470190575083{margin-top: 30px !important;}&#8221;][vc_column_inner width=&#8221;1\/2&#8243;][vc_single_image image=&#8221;2329&#8243; alignment=&#8221;center&#8221;][\/vc_column_inner][vc_column_inner el_class=&#8221;support&#8221; width=&#8221;1\/2&#8243; css=&#8221;.vc_custom_1470724300993{padding-right: 0px !important;padding-left: 0px !important;}&#8221;][vc_custom_heading text=&#8221;CYPRICH s.r.o.&#8221; font_container=&#8221;tag:div|font_size:18|text_align:left&#8221; use_theme_fonts=&#8221;yes&#8221;][vc_custom_heading text=&#8221;I\u010cO 54463432 DI\u010c 2121698326 I\u010c DPH SK2121698326 Mileti\u010dova 572\/39 82109 Bratislava&#8221; font_container=&#8221;tag:p|font_size:18|text_align:left&#8221; use_theme_fonts=&#8221;yes&#8221;&#8230;<\/p>\n","protected":false},"author":1,"featured_media":0,"parent":0,"menu_order":0,"comment_status":"closed","ping_status":"closed","template":"","meta":{"ngg_post_thumbnail":0,"footnotes":""},"class_list":["post-3334","page","type-page","status-publish","hentry"],"yoast_head":"<!-- This site is optimized with the Yoast SEO plugin v25.4 - https:\/\/yoast.com\/wordpress\/plugins\/seo\/ -->\n<title>Cyprich - z\u00e1hrady a z\u00e1vlahy<\/title>\n<meta name=\"robots\" content=\"index, follow, max-snippet:-1, max-image-preview:large, max-video-preview:-1\" \/>\n<link rel=\"canonical\" href=\"https:\/\/www.cyprich.sk\/en\/contact\/\" \/>\n<meta property=\"og:locale\" content=\"en_US\" \/>\n<meta property=\"og:type\" content=\"article\" \/>\n<meta property=\"og:title\" content=\"Cyprich - z\u00e1hrady a z\u00e1vlahy\" \/>\n<meta property=\"og:description\" content=\"[vc_row css=&#8221;.vc_custom_1615288247515{margin-top: -50px !important;padding-top: 1% !important;padding-bottom: 1% !important;background-color: rgba(149,192,193,0.3) !important;*background-color: rgb(149,192,193) !important;}&#8221; el_class=&#8221;contact-page&#8221;][vc_column width=&#8221;1\/3&#8243;][vc_custom_heading text=&#8221;Contact&#8221; font_container=&#8221;tag:h2|text_align:center&#8221; use_theme_fonts=&#8221;yes&#8221;][vc_raw_html css=&#8221;.vc_custom_1665562553721{margin-top: 30px !important;}&#8221;]JTNDZGl2JTIwY2xhc3MlM0QlMjJpY29uLWluZm8lMjIlM0UlM0NwJTNFJTNDc3Ryb25nJTNFQUREUkVTUyUzQyUyRnN0cm9uZyUzRSUzQ2JyJTNFJTBBTWlsZXRpJUM0JThEb3ZhJTIwNTcyJTJGMzklMkMlMjBCcmF0aXNsYXZhJTIwODIxJTIwMDklM0MlMkZwJTNFJTNDaSUyMGNsYXNzJTNEJTIyZmElMjBmYS1tYXAtbWFya2VyJTIyJTNFJTNDJTJGaSUzRSUzQyUyRmRpdiUzRQ==[\/vc_raw_html][vc_raw_html]JTNDZGl2JTIwY2xhc3MlM0QlMjJpY29uLWluZm8lMjIlM0UlM0NwJTNFJTNDc3Ryb25nJTNFQ0VMTCUyMFBIT05FJTNDJTJGc3Ryb25nJTNFJTNDYnIlM0UlMkI0MjElMjA5NDQlMjA0MDAlMjA4NDElM0MlMkZwJTNFJTNDaSUyMGNsYXNzJTNEJTIyZmElMjBmYS1waG9uZSUyMiUzRSUzQyUyRmklM0UlM0MlMkZkaXYlM0U=[\/vc_raw_html][vc_raw_html]JTNDZGl2JTIwY2xhc3MlM0QlMjJpY29uLWluZm8lMjIlM0UlM0NwJTNFJTNDc3Ryb25nJTNFRU1BSUwlM0MlMkZzdHJvbmclM0UlM0NiciUzRXphaHJhZHklNDBjeXByaWNoLnNrJTNDJTJGcCUzRSUzQ2klMjBjbGFzcyUzRCUyMmZhJTIwZmEtZW52ZWxvcGUlMjIlM0UlM0MlMkZpJTNFJTNDJTJGZGl2JTNFJTBBJTBB[\/vc_raw_html][\/vc_column][vc_column width=&#8221;1\/3&#8243;][vc_custom_heading text=&#8221;INVOICING DETAILS&#8221; font_container=&#8221;tag:h2|text_align:center&#8221; use_theme_fonts=&#8221;yes&#8221;][vc_row_inner css=&#8221;.vc_custom_1470190575083{margin-top: 30px !important;}&#8221;][vc_column_inner width=&#8221;1\/2&#8243;][vc_single_image image=&#8221;2329&#8243; alignment=&#8221;center&#8221;][\/vc_column_inner][vc_column_inner el_class=&#8221;support&#8221; width=&#8221;1\/2&#8243; css=&#8221;.vc_custom_1470724300993{padding-right: 0px !important;padding-left: 0px !important;}&#8221;][vc_custom_heading text=&#8221;CYPRICH s.r.o.&#8221; font_container=&#8221;tag:div|font_size:18|text_align:left&#8221; use_theme_fonts=&#8221;yes&#8221;][vc_custom_heading text=&#8221;I\u010cO 54463432 DI\u010c 2121698326 I\u010c DPH SK2121698326 Mileti\u010dova 572\/39 82109 Bratislava&#8221; font_container=&#8221;tag:p|font_size:18|text_align:left&#8221; use_theme_fonts=&#8221;yes&#8221;...\" \/>\n<meta property=\"og:url\" content=\"https:\/\/www.cyprich.sk\/en\/contact\/\" \/>\n<meta property=\"og:site_name\" content=\"Cyprich - z\u00e1hrady a z\u00e1vlahy\" \/>\n<meta property=\"article:modified_time\" content=\"2022-10-12T08:16:18+00:00\" \/>\n<meta name=\"twitter:card\" content=\"summary_large_image\" \/>\n<meta name=\"twitter:label1\" content=\"Est. reading time\" \/>\n\t<meta name=\"twitter:data1\" content=\"1 minute\" \/>\n<script type=\"application\/ld+json\" class=\"yoast-schema-graph\">{\"@context\":\"https:\/\/schema.org\",\"@graph\":[{\"@type\":\"WebPage\",\"@id\":\"https:\/\/www.cyprich.sk\/en\/contact\/\",\"url\":\"https:\/\/www.cyprich.sk\/en\/contact\/\",\"name\":\"Cyprich - z\u00e1hrady a z\u00e1vlahy\",\"isPartOf\":{\"@id\":\"https:\/\/www.cyprich.sk\/en\/#website\"},\"datePublished\":\"2021-11-05T22:26:56+00:00\",\"dateModified\":\"2022-10-12T08:16:18+00:00\",\"breadcrumb\":{\"@id\":\"https:\/\/www.cyprich.sk\/en\/contact\/#breadcrumb\"},\"inLanguage\":\"en-US\",\"potentialAction\":[{\"@type\":\"ReadAction\",\"target\":[\"https:\/\/www.cyprich.sk\/en\/contact\/\"]}]},{\"@type\":\"BreadcrumbList\",\"@id\":\"https:\/\/www.cyprich.sk\/en\/contact\/#breadcrumb\",\"itemListElement\":[{\"@type\":\"ListItem\",\"position\":1,\"name\":\"Home\",\"item\":\"https:\/\/www.cyprich.sk\/en\/\"},{\"@type\":\"ListItem\",\"position\":2,\"name\":\"Contact\"}]},{\"@type\":\"WebSite\",\"@id\":\"https:\/\/www.cyprich.sk\/en\/#website\",\"url\":\"https:\/\/www.cyprich.sk\/en\/\",\"name\":\"Cyprich - z\u00e1hrady a z\u00e1vlahy\",\"description\":\"\",\"potentialAction\":[{\"@type\":\"SearchAction\",\"target\":{\"@type\":\"EntryPoint\",\"urlTemplate\":\"https:\/\/www.cyprich.sk\/en\/?s={search_term_string}\"},\"query-input\":{\"@type\":\"PropertyValueSpecification\",\"valueRequired\":true,\"valueName\":\"search_term_string\"}}],\"inLanguage\":\"en-US\"}]}<\/script>\n<!-- \/ Yoast SEO plugin. -->","yoast_head_json":{"title":"Cyprich - z\u00e1hrady a z\u00e1vlahy","robots":{"index":"index","follow":"follow","max-snippet":"max-snippet:-1","max-image-preview":"max-image-preview:large","max-video-preview":"max-video-preview:-1"},"canonical":"https:\/\/www.cyprich.sk\/en\/contact\/","og_locale":"en_US","og_type":"article","og_title":"Cyprich - z\u00e1hrady a z\u00e1vlahy","og_description":"[vc_row css=&#8221;.vc_custom_1615288247515{margin-top: -50px !important;padding-top: 1% !important;padding-bottom: 1% !important;background-color: rgba(149,192,193,0.3) !important;*background-color: rgb(149,192,193) !important;}&#8221; el_class=&#8221;contact-page&#8221;][vc_column width=&#8221;1\/3&#8243;][vc_custom_heading text=&#8221;Contact&#8221; font_container=&#8221;tag:h2|text_align:center&#8221; use_theme_fonts=&#8221;yes&#8221;][vc_raw_html css=&#8221;.vc_custom_1665562553721{margin-top: 30px !important;}&#8221;]JTNDZGl2JTIwY2xhc3MlM0QlMjJpY29uLWluZm8lMjIlM0UlM0NwJTNFJTNDc3Ryb25nJTNFQUREUkVTUyUzQyUyRnN0cm9uZyUzRSUzQ2JyJTNFJTBBTWlsZXRpJUM0JThEb3ZhJTIwNTcyJTJGMzklMkMlMjBCcmF0aXNsYXZhJTIwODIxJTIwMDklM0MlMkZwJTNFJTNDaSUyMGNsYXNzJTNEJTIyZmElMjBmYS1tYXAtbWFya2VyJTIyJTNFJTNDJTJGaSUzRSUzQyUyRmRpdiUzRQ==[\/vc_raw_html][vc_raw_html]JTNDZGl2JTIwY2xhc3MlM0QlMjJpY29uLWluZm8lMjIlM0UlM0NwJTNFJTNDc3Ryb25nJTNFQ0VMTCUyMFBIT05FJTNDJTJGc3Ryb25nJTNFJTNDYnIlM0UlMkI0MjElMjA5NDQlMjA0MDAlMjA4NDElM0MlMkZwJTNFJTNDaSUyMGNsYXNzJTNEJTIyZmElMjBmYS1waG9uZSUyMiUzRSUzQyUyRmklM0UlM0MlMkZkaXYlM0U=[\/vc_raw_html][vc_raw_html]JTNDZGl2JTIwY2xhc3MlM0QlMjJpY29uLWluZm8lMjIlM0UlM0NwJTNFJTNDc3Ryb25nJTNFRU1BSUwlM0MlMkZzdHJvbmclM0UlM0NiciUzRXphaHJhZHklNDBjeXByaWNoLnNrJTNDJTJGcCUzRSUzQ2klMjBjbGFzcyUzRCUyMmZhJTIwZmEtZW52ZWxvcGUlMjIlM0UlM0MlMkZpJTNFJTNDJTJGZGl2JTNFJTBBJTBB[\/vc_raw_html][\/vc_column][vc_column width=&#8221;1\/3&#8243;][vc_custom_heading text=&#8221;INVOICING DETAILS&#8221; font_container=&#8221;tag:h2|text_align:center&#8221; use_theme_fonts=&#8221;yes&#8221;][vc_row_inner css=&#8221;.vc_custom_1470190575083{margin-top: 30px !important;}&#8221;][vc_column_inner width=&#8221;1\/2&#8243;][vc_single_image image=&#8221;2329&#8243; alignment=&#8221;center&#8221;][\/vc_column_inner][vc_column_inner el_class=&#8221;support&#8221; width=&#8221;1\/2&#8243; css=&#8221;.vc_custom_1470724300993{padding-right: 0px !important;padding-left: 0px !important;}&#8221;][vc_custom_heading text=&#8221;CYPRICH s.r.o.&#8221; font_container=&#8221;tag:div|font_size:18|text_align:left&#8221; use_theme_fonts=&#8221;yes&#8221;][vc_custom_heading text=&#8221;I\u010cO 54463432 DI\u010c 2121698326 I\u010c DPH SK2121698326 Mileti\u010dova 572\/39 82109 Bratislava&#8221; font_container=&#8221;tag:p|font_size:18|text_align:left&#8221; use_theme_fonts=&#8221;yes&#8221;...","og_url":"https:\/\/www.cyprich.sk\/en\/contact\/","og_site_name":"Cyprich - z\u00e1hrady a z\u00e1vlahy","article_modified_time":"2022-10-12T08:16:18+00:00","twitter_card":"summary_large_image","twitter_misc":{"Est. reading time":"1 minute"},"schema":{"@context":"https:\/\/schema.org","@graph":[{"@type":"WebPage","@id":"https:\/\/www.cyprich.sk\/en\/contact\/","url":"https:\/\/www.cyprich.sk\/en\/contact\/","name":"Cyprich - z\u00e1hrady a z\u00e1vlahy","isPartOf":{"@id":"https:\/\/www.cyprich.sk\/en\/#website"},"datePublished":"2021-11-05T22:26:56+00:00","dateModified":"2022-10-12T08:16:18+00:00","breadcrumb":{"@id":"https:\/\/www.cyprich.sk\/en\/contact\/#breadcrumb"},"inLanguage":"en-US","potentialAction":[{"@type":"ReadAction","target":["https:\/\/www.cyprich.sk\/en\/contact\/"]}]},{"@type":"BreadcrumbList","@id":"https:\/\/www.cyprich.sk\/en\/contact\/#breadcrumb","itemListElement":[{"@type":"ListItem","position":1,"name":"Home","item":"https:\/\/www.cyprich.sk\/en\/"},{"@type":"ListItem","position":2,"name":"Contact"}]},{"@type":"WebSite","@id":"https:\/\/www.cyprich.sk\/en\/#website","url":"https:\/\/www.cyprich.sk\/en\/","name":"Cyprich - z\u00e1hrady a z\u00e1vlahy","description":"","potentialAction":[{"@type":"SearchAction","target":{"@type":"EntryPoint","urlTemplate":"https:\/\/www.cyprich.sk\/en\/?s={search_term_string}"},"query-input":{"@type":"PropertyValueSpecification","valueRequired":true,"valueName":"search_term_string"}}],"inLanguage":"en-US"}]}},"_links":{"self":[{"href":"https:\/\/www.cyprich.sk\/en\/wp-json\/wp\/v2\/pages\/3334","targetHints":{"allow":["GET"]}}],"collection":[{"href":"https:\/\/www.cyprich.sk\/en\/wp-json\/wp\/v2\/pages"}],"about":[{"href":"https:\/\/www.cyprich.sk\/en\/wp-json\/wp\/v2\/types\/page"}],"author":[{"embeddable":true,"href":"https:\/\/www.cyprich.sk\/en\/wp-json\/wp\/v2\/users\/1"}],"replies":[{"embeddable":true,"href":"https:\/\/www.cyprich.sk\/en\/wp-json\/wp\/v2\/comments?post=3334"}],"version-history":[{"count":6,"href":"https:\/\/www.cyprich.sk\/en\/wp-json\/wp\/v2\/pages\/3334\/revisions"}],"predecessor-version":[{"id":3392,"href":"https:\/\/www.cyprich.sk\/en\/wp-json\/wp\/v2\/pages\/3334\/revisions\/3392"}],"wp:attachment":[{"href":"https:\/\/www.cyprich.sk\/en\/wp-json\/wp\/v2\/media?parent=3334"}],"curies":[{"name":"wp","href":"https:\/\/api.w.org\/{rel}","templated":true}]}}