{"id":2876,"date":"2021-03-23T18:49:06","date_gmt":"2021-03-23T17:49:06","guid":{"rendered":"https:\/\/www.cyprich.sk\/?page_id=2876"},"modified":"2021-11-26T13:26:20","modified_gmt":"2021-11-26T12:26:20","slug":"leistungen","status":"publish","type":"page","link":"https:\/\/www.cyprich.sk\/de\/leistungen\/","title":{"rendered":"Leistungen"},"content":{"rendered":"<div class=\"wpb-content-wrapper\"><p>[vc_row css=&#8220;.vc_custom_1615288113647{padding-top: 1% !important;padding-bottom: 4% !important;}&#8220;][vc_column css=&#8220;.vc_custom_1472206643366{padding-right: 0px !important;padding-left: 0px !important;}&#8220;][vc_custom_heading text=&#8220;WIE ARBEITEN WIR?&#8220; font_container=&#8220;tag:h1|font_size:48|text_align:center&#8220; use_theme_fonts=&#8220;yes&#8220; css=&#8220;.vc_custom_1616521449290{margin-top: 0px !important;margin-bottom: 0px !important;}&#8220;][\/vc_column][\/vc_row][vc_row][vc_column width=&#8220;1\/3&#8243;][vc_custom_heading text=&#8220;1 INSPEKTION UND STUDIE&#8220; font_container=&#8220;tag:h3|text_align:center&#8220; use_theme_fonts=&#8220;yes&#8220; el_class=&#8220;welcome&#8220;][vc_custom_heading text=&#8220;Zu Beginn der Realisierung jedes Projekts stehen die Tr\u00e4ume des Kunden, seine Ideen und Bed\u00fcrfnisse. Nach dem pers\u00f6nlichen Treffen auf der Stelle finden wir die M\u00f6glichkeiten des Projekts, konsultieren den Auftrag um die beste L\u00f6sung zu suchen. Anschlie\u00dfend entwickeln wir ein originales Designvorschlag und 3D-Visualisierung des Gartens.&#8220; font_container=&#8220;tag:p|text_align:center&#8220; use_theme_fonts=&#8220;yes&#8220;][\/vc_column][vc_column width=&#8220;1\/3&#8243;][vc_custom_heading text=&#8220;2 DIE PROJEKT- UND ANGEBOTSERARBEITUNG&#8220; font_container=&#8220;tag:h3|text_align:center&#8220; use_theme_fonts=&#8220;yes&#8220; el_class=&#8220;welcome&#8220;][vc_custom_heading text=&#8220;Nach der Erarbeitung eines Projekts und der gegenseitigen Kommunikation folgt der Projektabkommen, aufgrund dessen ein unverbindliches Preisangebot erstellt wird, das sowohl das Gel\u00e4ndemodellierung als auch den Entwurf des Bew\u00e4sserungssystems, der Anpflanzung, kleiner Bauarbeiten und verwendeter Materialien umfasst.&#8220; font_container=&#8220;tag:p|text_align:center&#8220; use_theme_fonts=&#8220;yes&#8220;][\/vc_column][vc_column width=&#8220;1\/3&#8243;][vc_custom_heading text=&#8220;3 REALISIERUNG DES PROJEKTS&#8220; font_container=&#8220;tag:h3|text_align:center&#8220; use_theme_fonts=&#8220;yes&#8220; el_class=&#8220;welcome&#8220;][vc_custom_heading text=&#8220;Laut der im Voraus vereinbarten Menge von T\u00e4tigkeiten und den eingerichteten Fristen wird Ihr Traumgarten realisiert. Die Kommunikation mit dem Kunden und die Umsetzung m\u00f6glicher kleinerer \u00c4nderungen ist parallel durchgef\u00fchrt.&#8220; font_container=&#8220;tag:p|text_align:center&#8220; use_theme_fonts=&#8220;yes&#8220;][\/vc_column][\/vc_row][vc_row css=&#8220;.vc_custom_1472177615273{margin-bottom: 5% !important;}&#8220;][vc_column width=&#8220;1\/2&#8243; css=&#8220;.vc_custom_1474265070166{padding-right: 15% !important;padding-left: 15% !important;}&#8220;][vc_custom_heading text=&#8220;4 FINALISIERUNG&#8220; font_container=&#8220;tag:h3|text_align:center&#8220; use_theme_fonts=&#8220;yes&#8220; el_class=&#8220;welcome&#8220;][vc_custom_heading text=&#8220;Nach dem Abschluss der Umsetzung und der T\u00e4tigkeiten \u00fcbernimmt der Kunde alle erforderlichen Unterlagen und Informationen mit einer 2-j\u00e4hrigen Garantie f\u00fcr das ordnungsgem\u00e4\u00dfe Funktionieren des gesamten Gartens.&#8220; font_container=&#8220;tag:p|text_align:center&#8220; use_theme_fonts=&#8220;yes&#8220;][\/vc_column][vc_column width=&#8220;1\/2&#8243; css=&#8220;.vc_custom_1474265084767{padding-right: 15% !important;padding-left: 15% !important;}&#8220;][vc_custom_heading text=&#8220;5 UNTERST\u00dcTZUNG UND BERATUNG&#8220; font_container=&#8220;tag:h3|text_align:center&#8220; use_theme_fonts=&#8220;yes&#8220; el_class=&#8220;welcome&#8220;][vc_custom_heading text=&#8220;Wir bieten nicht nur die Umsetzung von G\u00e4rten und \u00f6ffentlichen Bereichen an, sondern auch den kompletten professionellen Service und Pflege f\u00fcr den Garten und die darin verwendeten Pflanzen und Systeme.&#8220; font_container=&#8220;tag:p|text_align:center&#8220; use_theme_fonts=&#8220;yes&#8220;][\/vc_column][\/vc_row][vc_row css=&#8220;.vc_custom_1615054346588{padding-top: 5% !important;padding-bottom: 5% !important;background-color: #95c0c1 !important;background-position: center !important;background-repeat: no-repeat !important;background-size: cover !important;}&#8220;][vc_column css=&#8220;.vc_custom_1472203819565{padding-right: 0px !important;padding-left: 0px !important;}&#8220;][vc_custom_heading text=&#8220;BEREITSTELLUNG VON QUALIT\u00c4TSLEISTUNGEN&#8220; font_container=&#8220;tag:h1|font_size:38|text_align:center|color:%23245432&#8243; use_theme_fonts=&#8220;yes&#8220;][vc_custom_heading text=&#8220;Die Priorit\u00e4t unserer Dienstleistungen ist eine qualitativ hochwertige Arbeit, die Verwendung von zertifizierten Produkten, und die Erstellung moderner L\u00f6sungen f\u00fcr kleine und auch gr\u00f6\u00dfere Gartenprojekte. An jedes Projekt greifen wir individuell zu, unter Ber\u00fccksichtigung der W\u00fcnsche des Kunden und seiner finanziellen M\u00f6glichkeiten.&#8220; font_container=&#8220;tag:p|font_size:18px|text_align:center|color:rgba(255%2C255%2C255%2C0.9)&#8220; use_theme_fonts=&#8220;yes&#8220; css=&#8220;.vc_custom_1616521638381{margin-top: 30px !important;margin-bottom: 15px !important;padding-right: 10% !important;padding-left: 10% !important;}&#8220;][vc_row_inner css=&#8220;.vc_custom_1622580160632{background-color: #95c0c1 !important;}&#8220;][vc_column_inner width=&#8220;1\/4&#8243; offset=&#8220;vc_col-lg-1 vc_col-md-1 vc_hidden-sm vc_hidden-xs&#8220;][\/vc_column_inner][vc_column_inner width=&#8220;1\/2&#8243; offset=&#8220;vc_col-lg-5 vc_col-md-5&#8243;][vc_column_text css=&#8220;.vc_custom_1622580580519{margin-top: 15px !important;margin-bottom: 15px !important;}&#8220;]<\/p>\n<p style=\"text-align: left; text-transform: uppercase; font-weight: 600; font-size: 16px; color: #fff;\"><i class=\"fa fa-check-circle-o\" style=\"color: #245432; padding-left: 20px; padding-right: 20px; font-size: 24px;\"><\/i>DIE QUALITATIVEN MATERIALIEN UND TECHNOLOGIEN<\/p>\n<p>[\/vc_column_text][vc_column_text css=&#8220;.vc_custom_1622580597476{margin-top: 15px !important;margin-bottom: 15px !important;}&#8220;]<\/p>\n<p style=\"text-align: left; text-transform: uppercase; font-weight: 600; font-size: 16px; color: #fff;\"><i class=\"fa fa-check-circle-o\" style=\"color: #245432; padding-left: 20px; padding-right: 20px; font-size: 24px;\"><\/i>PROFESSIONELLE BETREUUNG UND SERVICE<\/p>\n<p>[\/vc_column_text][\/vc_column_inner][vc_column_inner width=&#8220;1\/2&#8243; offset=&#8220;vc_col-lg-5 vc_col-md-5&#8243;][vc_column_text css=&#8220;.vc_custom_1622580589653{margin-top: 15px !important;margin-bottom: 15px !important;}&#8220;]<\/p>\n<p style=\"text-align: left; text-transform: uppercase; font-weight: 600; font-size: 16px; color: #fff;\"><i class=\"fa fa-check-circle-o\" style=\"color: #245432; padding-left: 20px; padding-right: 20px; font-size: 24px;\"><\/i>DIE ZUSAMMENARBEIT MIT DEM GARTENARCHITEKT<\/p>\n<p>[\/vc_column_text][vc_column_text css=&#8220;.vc_custom_1622580572250{margin-top: 15px !important;margin-bottom: 15px !important;}&#8220;]<\/p>\n<p style=\"text-align: left; text-transform: uppercase; font-weight: 600; font-size: 16px; color: #fff;\"><i class=\"fa fa-check-circle-o\" style=\"color: #245432; padding-left: 20px; padding-right: 20px; font-size: 24px;\"><\/i>ERF\u00dcLLEN IHRE TR\u00c4UME<\/p>\n<p>[\/vc_column_text][\/vc_column_inner][vc_column_inner width=&#8220;1\/4&#8243; offset=&#8220;vc_col-lg-1 vc_col-md-1&#8243;][\/vc_column_inner][\/vc_row_inner][\/vc_column][\/vc_row]<\/p>\n<\/div>","protected":false},"excerpt":{"rendered":"<p>[vc_row css=&#8220;.vc_custom_1615288113647{padding-top: 1% !important;padding-bottom: 4% !important;}&#8220;][vc_column css=&#8220;.vc_custom_1472206643366{padding-right: 0px !important;padding-left: 0px !important;}&#8220;][vc_custom_heading text=&#8220;WIE ARBEITEN WIR?&#8220; font_container=&#8220;tag:h1|font_size:48|text_align:center&#8220; use_theme_fonts=&#8220;yes&#8220; css=&#8220;.vc_custom_1616521449290{margin-top: 0px !important;margin-bottom: 0px !important;}&#8220;][\/vc_column][\/vc_row][vc_row][vc_column width=&#8220;1\/3&#8243;][vc_custom_heading text=&#8220;1 INSPEKTION UND STUDIE&#8220; font_container=&#8220;tag:h3|text_align:center&#8220; use_theme_fonts=&#8220;yes&#8220; el_class=&#8220;welcome&#8220;][vc_custom_heading text=&#8220;Zu Beginn der Realisierung jedes Projekts stehen die Tr\u00e4ume des Kunden, seine Ideen und Bed\u00fcrfnisse. Nach dem pers\u00f6nlichen Treffen auf der Stelle finden wir die M\u00f6glichkeiten&#8230;<\/p>\n","protected":false},"author":1,"featured_media":0,"parent":0,"menu_order":0,"comment_status":"closed","ping_status":"closed","template":"","meta":{"ngg_post_thumbnail":0,"footnotes":""},"class_list":["post-2876","page","type-page","status-publish","hentry"],"yoast_head":"<!-- This site is optimized with the Yoast SEO plugin v25.4 - https:\/\/yoast.com\/wordpress\/plugins\/seo\/ -->\n<title>Cyprich - z\u00e1hrady a z\u00e1vlahy<\/title>\n<meta name=\"robots\" content=\"index, follow, max-snippet:-1, max-image-preview:large, max-video-preview:-1\" \/>\n<link rel=\"canonical\" href=\"https:\/\/www.cyprich.sk\/de\/leistungen\/\" \/>\n<meta property=\"og:locale\" content=\"de_DE\" \/>\n<meta property=\"og:type\" content=\"article\" \/>\n<meta property=\"og:title\" content=\"Cyprich - z\u00e1hrady a z\u00e1vlahy\" \/>\n<meta property=\"og:description\" content=\"[vc_row css=&#8220;.vc_custom_1615288113647{padding-top: 1% !important;padding-bottom: 4% !important;}&#8220;][vc_column css=&#8220;.vc_custom_1472206643366{padding-right: 0px !important;padding-left: 0px !important;}&#8220;][vc_custom_heading text=&#8220;WIE ARBEITEN WIR?&#8220; font_container=&#8220;tag:h1|font_size:48|text_align:center&#8220; use_theme_fonts=&#8220;yes&#8220; css=&#8220;.vc_custom_1616521449290{margin-top: 0px !important;margin-bottom: 0px !important;}&#8220;][\/vc_column][\/vc_row][vc_row][vc_column width=&#8220;1\/3&#8243;][vc_custom_heading text=&#8220;1 INSPEKTION UND STUDIE&#8220; font_container=&#8220;tag:h3|text_align:center&#8220; use_theme_fonts=&#8220;yes&#8220; el_class=&#8220;welcome&#8220;][vc_custom_heading text=&#8220;Zu Beginn der Realisierung jedes Projekts stehen die Tr\u00e4ume des Kunden, seine Ideen und Bed\u00fcrfnisse. Nach dem pers\u00f6nlichen Treffen auf der Stelle finden wir die M\u00f6glichkeiten...\" \/>\n<meta property=\"og:url\" content=\"https:\/\/www.cyprich.sk\/de\/leistungen\/\" \/>\n<meta property=\"og:site_name\" content=\"Cyprich - z\u00e1hrady a z\u00e1vlahy\" \/>\n<meta property=\"article:modified_time\" content=\"2021-11-26T12:26:20+00:00\" \/>\n<meta name=\"twitter:card\" content=\"summary_large_image\" \/>\n<meta name=\"twitter:label1\" content=\"Gesch\u00e4tzte Lesezeit\" \/>\n\t<meta name=\"twitter:data1\" content=\"2\u00a0Minuten\" \/>\n<script type=\"application\/ld+json\" class=\"yoast-schema-graph\">{\"@context\":\"https:\/\/schema.org\",\"@graph\":[{\"@type\":\"WebPage\",\"@id\":\"https:\/\/www.cyprich.sk\/de\/leistungen\/\",\"url\":\"https:\/\/www.cyprich.sk\/de\/leistungen\/\",\"name\":\"Cyprich - z\u00e1hrady a z\u00e1vlahy\",\"isPartOf\":{\"@id\":\"https:\/\/www.cyprich.sk\/de\/#website\"},\"datePublished\":\"2021-03-23T17:49:06+00:00\",\"dateModified\":\"2021-11-26T12:26:20+00:00\",\"breadcrumb\":{\"@id\":\"https:\/\/www.cyprich.sk\/de\/leistungen\/#breadcrumb\"},\"inLanguage\":\"de\",\"potentialAction\":[{\"@type\":\"ReadAction\",\"target\":[\"https:\/\/www.cyprich.sk\/de\/leistungen\/\"]}]},{\"@type\":\"BreadcrumbList\",\"@id\":\"https:\/\/www.cyprich.sk\/de\/leistungen\/#breadcrumb\",\"itemListElement\":[{\"@type\":\"ListItem\",\"position\":1,\"name\":\"Home\",\"item\":\"https:\/\/www.cyprich.sk\/de\/\"},{\"@type\":\"ListItem\",\"position\":2,\"name\":\"Leistungen\"}]},{\"@type\":\"WebSite\",\"@id\":\"https:\/\/www.cyprich.sk\/de\/#website\",\"url\":\"https:\/\/www.cyprich.sk\/de\/\",\"name\":\"Cyprich - z\u00e1hrady a z\u00e1vlahy\",\"description\":\"\",\"potentialAction\":[{\"@type\":\"SearchAction\",\"target\":{\"@type\":\"EntryPoint\",\"urlTemplate\":\"https:\/\/www.cyprich.sk\/de\/?s={search_term_string}\"},\"query-input\":{\"@type\":\"PropertyValueSpecification\",\"valueRequired\":true,\"valueName\":\"search_term_string\"}}],\"inLanguage\":\"de\"}]}<\/script>\n<!-- \/ Yoast SEO plugin. -->","yoast_head_json":{"title":"Cyprich - z\u00e1hrady a z\u00e1vlahy","robots":{"index":"index","follow":"follow","max-snippet":"max-snippet:-1","max-image-preview":"max-image-preview:large","max-video-preview":"max-video-preview:-1"},"canonical":"https:\/\/www.cyprich.sk\/de\/leistungen\/","og_locale":"de_DE","og_type":"article","og_title":"Cyprich - z\u00e1hrady a z\u00e1vlahy","og_description":"[vc_row css=&#8220;.vc_custom_1615288113647{padding-top: 1% !important;padding-bottom: 4% !important;}&#8220;][vc_column css=&#8220;.vc_custom_1472206643366{padding-right: 0px !important;padding-left: 0px !important;}&#8220;][vc_custom_heading text=&#8220;WIE ARBEITEN WIR?&#8220; font_container=&#8220;tag:h1|font_size:48|text_align:center&#8220; use_theme_fonts=&#8220;yes&#8220; css=&#8220;.vc_custom_1616521449290{margin-top: 0px !important;margin-bottom: 0px !important;}&#8220;][\/vc_column][\/vc_row][vc_row][vc_column width=&#8220;1\/3&#8243;][vc_custom_heading text=&#8220;1 INSPEKTION UND STUDIE&#8220; font_container=&#8220;tag:h3|text_align:center&#8220; use_theme_fonts=&#8220;yes&#8220; el_class=&#8220;welcome&#8220;][vc_custom_heading text=&#8220;Zu Beginn der Realisierung jedes Projekts stehen die Tr\u00e4ume des Kunden, seine Ideen und Bed\u00fcrfnisse. Nach dem pers\u00f6nlichen Treffen auf der Stelle finden wir die M\u00f6glichkeiten...","og_url":"https:\/\/www.cyprich.sk\/de\/leistungen\/","og_site_name":"Cyprich - z\u00e1hrady a z\u00e1vlahy","article_modified_time":"2021-11-26T12:26:20+00:00","twitter_card":"summary_large_image","twitter_misc":{"Gesch\u00e4tzte Lesezeit":"2\u00a0Minuten"},"schema":{"@context":"https:\/\/schema.org","@graph":[{"@type":"WebPage","@id":"https:\/\/www.cyprich.sk\/de\/leistungen\/","url":"https:\/\/www.cyprich.sk\/de\/leistungen\/","name":"Cyprich - z\u00e1hrady a z\u00e1vlahy","isPartOf":{"@id":"https:\/\/www.cyprich.sk\/de\/#website"},"datePublished":"2021-03-23T17:49:06+00:00","dateModified":"2021-11-26T12:26:20+00:00","breadcrumb":{"@id":"https:\/\/www.cyprich.sk\/de\/leistungen\/#breadcrumb"},"inLanguage":"de","potentialAction":[{"@type":"ReadAction","target":["https:\/\/www.cyprich.sk\/de\/leistungen\/"]}]},{"@type":"BreadcrumbList","@id":"https:\/\/www.cyprich.sk\/de\/leistungen\/#breadcrumb","itemListElement":[{"@type":"ListItem","position":1,"name":"Home","item":"https:\/\/www.cyprich.sk\/de\/"},{"@type":"ListItem","position":2,"name":"Leistungen"}]},{"@type":"WebSite","@id":"https:\/\/www.cyprich.sk\/de\/#website","url":"https:\/\/www.cyprich.sk\/de\/","name":"Cyprich - z\u00e1hrady a z\u00e1vlahy","description":"","potentialAction":[{"@type":"SearchAction","target":{"@type":"EntryPoint","urlTemplate":"https:\/\/www.cyprich.sk\/de\/?s={search_term_string}"},"query-input":{"@type":"PropertyValueSpecification","valueRequired":true,"valueName":"search_term_string"}}],"inLanguage":"de"}]}},"_links":{"self":[{"href":"https:\/\/www.cyprich.sk\/de\/wp-json\/wp\/v2\/pages\/2876","targetHints":{"allow":["GET"]}}],"collection":[{"href":"https:\/\/www.cyprich.sk\/de\/wp-json\/wp\/v2\/pages"}],"about":[{"href":"https:\/\/www.cyprich.sk\/de\/wp-json\/wp\/v2\/types\/page"}],"author":[{"embeddable":true,"href":"https:\/\/www.cyprich.sk\/de\/wp-json\/wp\/v2\/users\/1"}],"replies":[{"embeddable":true,"href":"https:\/\/www.cyprich.sk\/de\/wp-json\/wp\/v2\/comments?post=2876"}],"version-history":[{"count":6,"href":"https:\/\/www.cyprich.sk\/de\/wp-json\/wp\/v2\/pages\/2876\/revisions"}],"predecessor-version":[{"id":3374,"href":"https:\/\/www.cyprich.sk\/de\/wp-json\/wp\/v2\/pages\/2876\/revisions\/3374"}],"wp:attachment":[{"href":"https:\/\/www.cyprich.sk\/de\/wp-json\/wp\/v2\/media?parent=2876"}],"curies":[{"name":"wp","href":"https:\/\/api.w.org\/{rel}","templated":true}]}}