{"id":2871,"date":"2021-03-23T18:34:24","date_gmt":"2021-03-23T17:34:24","guid":{"rendered":"https:\/\/www.cyprich.sk\/?page_id=2871"},"modified":"2021-11-26T13:25:15","modified_gmt":"2021-11-26T12:25:15","slug":"home","status":"publish","type":"page","link":"https:\/\/www.cyprich.sk\/de\/","title":{"rendered":""},"content":{"rendered":"<div class=\"wpb-content-wrapper\"><p>[vc_row css=&#8220;.vc_custom_1622576184367{padding-top: 1% !important;padding-bottom: 1% !important;background-position: center !important;background-repeat: no-repeat !important;background-size: cover !important;}&#8220;][vc_column css=&#8220;.vc_custom_1622576138085{padding-right: 0px !important;padding-left: 0px !important;}&#8220;][vc_row_inner][vc_column_inner width=&#8220;1\/2&#8243; offset=&#8220;vc_col-lg-3 vc_col-md-3&#8243; css=&#8220;.vc_custom_1622576172421{margin-top: 20px !important;}&#8220;][vc_single_image image=&#8220;3136&#8243; img_size=&#8220;70&#215;70&#8243; alignment=&#8220;center&#8220; css=&#8220;.vc_custom_1622624480520{margin-top: 20px !important;}&#8220;][vc_custom_heading text=&#8220;GARTENGESTALTUNG&#8220; font_container=&#8220;tag:h3|text_align:center&#8220; use_theme_fonts=&#8220;yes&#8220;][vc_column_text]<\/p>\n<p style=\"text-align: center;\">Projekt eines Gartens und der \u00f6ffentlichen R\u00e4ume ist ein Eckpfeiler, um ein angenehmes und funktionales Umfeld anzulegen, das alle Aspekte von Raum und Pflanzen l\u00f6st. Es bildet von ihnen eine kompakte Einheit. Wir respektieren nicht nur die W\u00fcnsche des Kunden, sondern auch klimatische und nat\u00fcrliche Bedingungen, die Spezifikation der pflanzlichen Materialien im Raum, in dem sie verwendet werden sollen.<\/p>\n<p>[\/vc_column_text][\/vc_column_inner][vc_column_inner width=&#8220;1\/2&#8243; offset=&#8220;vc_col-lg-3 vc_col-md-3&#8243; css=&#8220;.vc_custom_1615646320755{margin-top: 20px !important;}&#8220;][vc_single_image image=&#8220;3135&#8243; img_size=&#8220;70&#215;70&#8243; alignment=&#8220;center&#8220; css=&#8220;.vc_custom_1622624493990{margin-top: 20px !important;}&#8220;][vc_custom_heading text=&#8220;DESIGN, UMSETZUNG UND WARTUNG&#8220; font_container=&#8220;tag:h3|text_align:center&#8220; use_theme_fonts=&#8220;yes&#8220;][vc_column_text]<\/p>\n<p style=\"text-align: center;\">Wir realisieren umfassende Gartent\u00e4tigkeiten, von Screening und Design bis hin zu Landschaftsbau, Fl\u00e4chenentw\u00e4sserung, Bau von gepflasterten Fl\u00e4chen, Teichen, Pools und Z\u00e4unen, Mutterbodenarbeiten, Anlage der Bew\u00e4sserungssystemen und Hauswasserwerken, Gel\u00e4ndeanpassung und Verlegung der Rasenteppiche und andere Gartenarbeiten.<\/p>\n<p>[\/vc_column_text][\/vc_column_inner][vc_column_inner width=&#8220;1\/2&#8243; offset=&#8220;vc_col-lg-3 vc_col-md-3&#8243; css=&#8220;.vc_custom_1615646329509{margin-top: 20px !important;}&#8220;][vc_single_image image=&#8220;3138&#8243; img_size=&#8220;70&#215;70&#8243; alignment=&#8220;center&#8220; css=&#8220;.vc_custom_1622624507691{margin-top: 20px !important;}&#8220;][vc_custom_heading text=&#8220;INDIVIDUELLER ZUGRIFF ZUM KUNDEN&#8220; font_container=&#8220;tag:h3|text_align:center&#8220; use_theme_fonts=&#8220;yes&#8220;][vc_column_text]<\/p>\n<p style=\"text-align: center;\">Unsere Philosophie und Ziel ist die maximale Kundenzufriedenheit, die an den individuellen und einzigartigen Zugriff zum Kunden angepasst ist. Wir bieten daher einen Kunden eine optimale L\u00f6sung mit minimierenden Kosten und unter Ber\u00fccksichtigung des Finanzbudgets.<\/p>\n<p>[\/vc_column_text][\/vc_column_inner][vc_column_inner width=&#8220;1\/2&#8243; offset=&#8220;vc_col-lg-3 vc_col-md-3&#8243; css=&#8220;.vc_custom_1615646339795{margin-top: 20px !important;}&#8220;][vc_single_image image=&#8220;3137&#8243; img_size=&#8220;70&#215;70&#8243; alignment=&#8220;center&#8220; css=&#8220;.vc_custom_1622624523398{margin-top: 20px !important;}&#8220;][vc_custom_heading text=&#8220;GARANTIE- UND AUSSER-GARANTIESERVICE&#8220; font_container=&#8220;tag:h3|text_align:center&#8220; use_theme_fonts=&#8220;yes&#8220;][vc_column_text]<\/p>\n<p style=\"text-align: center;\">Wir \u00fcbernehmen die Verantwortung w\u00e4hrend der Garantiezeit beim Auftreten eines Defekts, das vom Produktionsdefekt oder Materialfehler eines Produkts entstanden ist, der in der Umsetzung verwendet wurde. Nach der Garantiezeit bieten wir gleichm\u00e4\u00dfigen Qualit\u00e4tsservice und Reparaturen an.<\/p>\n<p>[\/vc_column_text][\/vc_column_inner][\/vc_row_inner][vc_single_image image=&#8220;893&#8243; img_size=&#8220;full&#8220; alignment=&#8220;center&#8220; css=&#8220;.vc_custom_1474077834542{margin-top: 4% !important;margin-bottom: 2% !important;}&#8220;][vc_column_text css=&#8220;.vc_custom_1616520338390{margin-bottom: 20px !important;}&#8220;]<\/p>\n<p style=\"text-align: center; font-size: 36px; color: #245432;\">Sie haben die Idee, wir helfen Ihnen mit ihrer Realisierung!<\/p>\n<p>[\/vc_column_text][vc_btn title=&#8220;<b style=\"``font-size: 20px``;\">Mehr \u00fcber den Leistungen<\/b>&#8220; style=&#8220;custom&#8220; custom_background=&#8220;#245432&#8243; custom_text=&#8220;#ffffff&#8220; shape=&#8220;round&#8220; align=&#8220;center&#8220; link=&#8220;url:https%3A%2F%2Fwww.cyprich.sk%2Fde%2Fleistungen%2F|title:Leistungen&#8220; css=&#8220;.vc_custom_1622578777669{padding-top: 3% !important;}&#8220;][\/vc_column][\/vc_row][vc_row css=&#8220;.vc_custom_1615288337308{padding-top: 2% !important;padding-bottom: 4% !important;background-color: rgba(149,192,193,0.3) !important;*background-color: rgb(149,192,193) !important;}&#8220;][vc_column css=&#8220;.vc_custom_1471335574718{padding-right: 0px !important;padding-left: 0px !important;}&#8220;][vc_custom_heading text=&#8220;REFERENZEN&#8220; font_container=&#8220;tag:h1|text_align:center&#8220; use_theme_fonts=&#8220;yes&#8220;][vc_custom_heading text=&#8220;Wir stellen Ihnen eine Demonstration von einigen unserer Projekte vor, also z\u00f6gern Sie nich und lassen Sie sich inspirieren \u2026&#8220; font_container=&#8220;tag:p|font_size:16px|text_align:center&#8220; use_theme_fonts=&#8220;yes&#8220;][vc_raw_html]JTVCbmdnJTIwc3JjJTNEJTIyZ2FsbGVyaWVzJTIyJTIwaWRzJTNEJTIyMTIlMjIlMjBkaXNwbGF5JTNEJTIyYmFzaWNfdGh1bWJuYWlsJTIyJTVE[\/vc_raw_html][vc_btn title=&#8220;<b style=\"``font-size: 20px``;\">Referenzen ansehen<\/b>&#8220; style=&#8220;custom&#8220; custom_background=&#8220;#245432&#8243; custom_text=&#8220;#ffffff&#8220; shape=&#8220;round&#8220; align=&#8220;center&#8220; link=&#8220;url:https%3A%2F%2Fwww.cyprich.sk%2Fde%2Frealisierte-projekte%2F|title:Zrealizovan%C3%A9%20projekty&#8220; css=&#8220;.vc_custom_1622578790571{padding-top: 3% !important;}&#8220;][\/vc_column][\/vc_row][vc_row equal_height=&#8220;yes&#8220; layout=&#8220;wide&#8220;][vc_column width=&#8220;1\/2&#8243; css=&#8220;.vc_custom_1615645604683{margin-right: 0px !important;margin-left: 0px !important;padding-top: 10% !important;padding-right: 15% !important;padding-bottom: 10% !important;padding-left: 10% !important;background-image: url(https:\/\/www.cyprich.sk\/wp-content\/uploads\/2021\/03\/preco_my2.jpg?id=2461) !important;background-position: center !important;background-repeat: no-repeat !important;background-size: cover !important;}&#8220; offset=&#8220;vc_hidden-xs&#8220;][\/vc_column][vc_column width=&#8220;1\/2&#8243; css=&#8220;.vc_custom_1615646586177{padding-top: 5% !important;padding-right: 15% !important;padding-bottom: 5% !important;padding-left: 10% !important;background-color: #fafafa !important;}&#8220;][vc_custom_heading text=&#8220;WARUM UNS?&#8220; font_container=&#8220;tag:h1|text_align:left&#8220; use_theme_fonts=&#8220;yes&#8220; css=&#8220;.vc_custom_1616520468330{margin-bottom: 20px !important;}&#8220;][vc_custom_heading text=&#8220;W\u00e4hlen Sie ein erfahrenes G\u00e4rtner-Team, das um Ihren Garten sorgf\u00e4ltig pflegen wird.&#8220; font_container=&#8220;tag:p|font_size:16px|text_align:left|color:rgba(31%2C42%2C55%2C0.9)&#8220; use_theme_fonts=&#8220;yes&#8220;][vc_column_text css=&#8220;.vc_custom_1616520504851{margin-top: 15px !important;margin-bottom: 15px !important;}&#8220;]<\/p>\n<p style=\"text-align: left; text-transform: uppercase; font-weight: 600; font-size: 18px; color: #245432;\"><i class=\"fa fa-check-circle-o\" style=\"color: #95c0c1; padding-left: 30px; padding-right: 20px; font-size: 24px;\"><\/i>UMFASSENDE DIENSTLEISTUNGEN<\/p>\n<p>[\/vc_column_text][vc_column_text css=&#8220;.vc_custom_1616520526153{margin-top: 15px !important;margin-bottom: 15px !important;}&#8220;]<\/p>\n<p style=\"text-align: left; text-transform: uppercase; font-weight: 600; font-size: 18px; color: #245432;\"><i class=\"fa fa-check-circle-o\" style=\"color: #95c0c1; padding-left: 30px; padding-right: 20px; font-size: 24px;\"><\/i>LANGJ\u00c4HRIGE ERFAHRUNGEN<\/p>\n<p>[\/vc_column_text][vc_column_text css=&#8220;.vc_custom_1616520546050{margin-top: 15px !important;margin-bottom: 15px !important;}&#8220;]<\/p>\n<p style=\"text-align: left; text-transform: uppercase; font-weight: 600; font-size: 18px; color: #245432;\"><i class=\"fa fa-check-circle-o\" style=\"color: #95c0c1; padding-left: 30px; padding-right: 20px; font-size: 24px;\"><\/i>PROFESSIONALIT\u00c4T UND QUALIT\u00c4T<\/p>\n<p>[\/vc_column_text][vc_column_text css=&#8220;.vc_custom_1616520561259{margin-top: 15px !important;margin-bottom: 15px !important;}&#8220;]<\/p>\n<p style=\"text-align: left; text-transform: uppercase; font-weight: 600; font-size: 18px; color: #245432;\"><i class=\"fa fa-check-circle-o\" style=\"color: #95c0c1; padding-left: 30px; padding-right: 20px; font-size: 24px;\"><\/i>MODERNE L\u00d6SUNGEN<\/p>\n<p>[\/vc_column_text][vc_column_text css=&#8220;.vc_custom_1616520575906{margin-top: 15px !important;margin-bottom: 15px !important;}&#8220;]<\/p>\n<p style=\"text-align: left; text-transform: uppercase; font-weight: 600; font-size: 18px; color: #245432;\"><i class=\"fa fa-check-circle-o\" style=\"color: #95c0c1; padding-left: 30px; padding-right: 20px; font-size: 24px;\"><\/i>INDIVIDUELLER ZUGRIFF<\/p>\n<p>[\/vc_column_text][vc_btn title=&#8220;<b style=\"``font-size: 20px``;\">Ich m\u00f6chte ein Angebot<\/b>&#8220; style=&#8220;custom&#8220; custom_background=&#8220;#245432&#8243; custom_text=&#8220;#ffffff&#8220; shape=&#8220;round&#8220; size=&#8220;lg&#8220; align=&#8220;center&#8220; link=&#8220;url:https%3A%2F%2Fwww.cyprich.sk%2Fde%2Fkontakt%2F|title:Leistungen&#8220; css=&#8220;.vc_custom_1622578803821{padding-top: 3% !important;}&#8220;][\/vc_column][\/vc_row]<\/p>\n<\/div>","protected":false},"excerpt":{"rendered":"<p>[vc_row css=&#8220;.vc_custom_1622576184367{padding-top: 1% !important;padding-bottom: 1% !important;background-position: center !important;background-repeat: no-repeat !important;background-size: cover !important;}&#8220;][vc_column css=&#8220;.vc_custom_1622576138085{padding-right: 0px !important;padding-left: 0px !important;}&#8220;][vc_row_inner][vc_column_inner width=&#8220;1\/2&#8243; offset=&#8220;vc_col-lg-3 vc_col-md-3&#8243; css=&#8220;.vc_custom_1622576172421{margin-top: 20px !important;}&#8220;][vc_single_image image=&#8220;3136&#8243; img_size=&#8220;70&#215;70&#8243; alignment=&#8220;center&#8220; css=&#8220;.vc_custom_1622624480520{margin-top: 20px !important;}&#8220;][vc_custom_heading text=&#8220;GARTENGESTALTUNG&#8220; font_container=&#8220;tag:h3|text_align:center&#8220; use_theme_fonts=&#8220;yes&#8220;][vc_column_text] Projekt eines Gartens und der \u00f6ffentlichen R\u00e4ume ist ein Eckpfeiler, um ein angenehmes und funktionales Umfeld anzulegen, das alle Aspekte von Raum und&#8230;<\/p>\n","protected":false},"author":1,"featured_media":0,"parent":0,"menu_order":0,"comment_status":"closed","ping_status":"closed","template":"","meta":{"ngg_post_thumbnail":0,"footnotes":""},"class_list":["post-2871","page","type-page","status-publish","hentry"],"yoast_head":"<!-- This site is optimized with the Yoast SEO plugin v25.4 - https:\/\/yoast.com\/wordpress\/plugins\/seo\/ -->\n<title>Cyprich - z\u00e1hrady a z\u00e1vlahy<\/title>\n<meta name=\"robots\" content=\"index, follow, max-snippet:-1, max-image-preview:large, max-video-preview:-1\" \/>\n<link rel=\"canonical\" href=\"https:\/\/www.cyprich.sk\/de\/\" \/>\n<meta property=\"og:locale\" content=\"de_DE\" \/>\n<meta property=\"og:type\" content=\"article\" \/>\n<meta property=\"og:title\" content=\"Cyprich - z\u00e1hrady a z\u00e1vlahy\" \/>\n<meta property=\"og:description\" content=\"[vc_row css=&#8220;.vc_custom_1622576184367{padding-top: 1% !important;padding-bottom: 1% !important;background-position: center !important;background-repeat: no-repeat !important;background-size: cover !important;}&#8220;][vc_column css=&#8220;.vc_custom_1622576138085{padding-right: 0px !important;padding-left: 0px !important;}&#8220;][vc_row_inner][vc_column_inner width=&#8220;1\/2&#8243; offset=&#8220;vc_col-lg-3 vc_col-md-3&#8243; css=&#8220;.vc_custom_1622576172421{margin-top: 20px !important;}&#8220;][vc_single_image image=&#8220;3136&#8243; img_size=&#8220;70&#215;70&#8243; alignment=&#8220;center&#8220; css=&#8220;.vc_custom_1622624480520{margin-top: 20px !important;}&#8220;][vc_custom_heading text=&#8220;GARTENGESTALTUNG&#8220; font_container=&#8220;tag:h3|text_align:center&#8220; use_theme_fonts=&#8220;yes&#8220;][vc_column_text] Projekt eines Gartens und der \u00f6ffentlichen R\u00e4ume ist ein Eckpfeiler, um ein angenehmes und funktionales Umfeld anzulegen, das alle Aspekte von Raum und...\" \/>\n<meta property=\"og:url\" content=\"https:\/\/www.cyprich.sk\/de\/\" \/>\n<meta property=\"og:site_name\" content=\"Cyprich - z\u00e1hrady a z\u00e1vlahy\" \/>\n<meta property=\"article:modified_time\" content=\"2021-11-26T12:25:15+00:00\" \/>\n<meta name=\"twitter:card\" content=\"summary_large_image\" \/>\n<meta name=\"twitter:label1\" content=\"Gesch\u00e4tzte Lesezeit\" \/>\n\t<meta name=\"twitter:data1\" content=\"2\u00a0Minuten\" \/>\n<script type=\"application\/ld+json\" class=\"yoast-schema-graph\">{\"@context\":\"https:\/\/schema.org\",\"@graph\":[{\"@type\":\"WebPage\",\"@id\":\"https:\/\/www.cyprich.sk\/de\/\",\"url\":\"https:\/\/www.cyprich.sk\/de\/\",\"name\":\"Cyprich - z\u00e1hrady a z\u00e1vlahy\",\"isPartOf\":{\"@id\":\"https:\/\/www.cyprich.sk\/de\/#website\"},\"datePublished\":\"2021-03-23T17:34:24+00:00\",\"dateModified\":\"2021-11-26T12:25:15+00:00\",\"inLanguage\":\"de\",\"potentialAction\":[{\"@type\":\"ReadAction\",\"target\":[\"https:\/\/www.cyprich.sk\/de\/\"]}]},{\"@type\":\"WebSite\",\"@id\":\"https:\/\/www.cyprich.sk\/de\/#website\",\"url\":\"https:\/\/www.cyprich.sk\/de\/\",\"name\":\"Cyprich - z\u00e1hrady a z\u00e1vlahy\",\"description\":\"\",\"potentialAction\":[{\"@type\":\"SearchAction\",\"target\":{\"@type\":\"EntryPoint\",\"urlTemplate\":\"https:\/\/www.cyprich.sk\/de\/?s={search_term_string}\"},\"query-input\":{\"@type\":\"PropertyValueSpecification\",\"valueRequired\":true,\"valueName\":\"search_term_string\"}}],\"inLanguage\":\"de\"}]}<\/script>\n<!-- \/ Yoast SEO plugin. -->","yoast_head_json":{"title":"Cyprich - z\u00e1hrady a z\u00e1vlahy","robots":{"index":"index","follow":"follow","max-snippet":"max-snippet:-1","max-image-preview":"max-image-preview:large","max-video-preview":"max-video-preview:-1"},"canonical":"https:\/\/www.cyprich.sk\/de\/","og_locale":"de_DE","og_type":"article","og_title":"Cyprich - z\u00e1hrady a z\u00e1vlahy","og_description":"[vc_row css=&#8220;.vc_custom_1622576184367{padding-top: 1% !important;padding-bottom: 1% !important;background-position: center !important;background-repeat: no-repeat !important;background-size: cover !important;}&#8220;][vc_column css=&#8220;.vc_custom_1622576138085{padding-right: 0px !important;padding-left: 0px !important;}&#8220;][vc_row_inner][vc_column_inner width=&#8220;1\/2&#8243; offset=&#8220;vc_col-lg-3 vc_col-md-3&#8243; css=&#8220;.vc_custom_1622576172421{margin-top: 20px !important;}&#8220;][vc_single_image image=&#8220;3136&#8243; img_size=&#8220;70&#215;70&#8243; alignment=&#8220;center&#8220; css=&#8220;.vc_custom_1622624480520{margin-top: 20px !important;}&#8220;][vc_custom_heading text=&#8220;GARTENGESTALTUNG&#8220; font_container=&#8220;tag:h3|text_align:center&#8220; use_theme_fonts=&#8220;yes&#8220;][vc_column_text] Projekt eines Gartens und der \u00f6ffentlichen R\u00e4ume ist ein Eckpfeiler, um ein angenehmes und funktionales Umfeld anzulegen, das alle Aspekte von Raum und...","og_url":"https:\/\/www.cyprich.sk\/de\/","og_site_name":"Cyprich - z\u00e1hrady a z\u00e1vlahy","article_modified_time":"2021-11-26T12:25:15+00:00","twitter_card":"summary_large_image","twitter_misc":{"Gesch\u00e4tzte Lesezeit":"2\u00a0Minuten"},"schema":{"@context":"https:\/\/schema.org","@graph":[{"@type":"WebPage","@id":"https:\/\/www.cyprich.sk\/de\/","url":"https:\/\/www.cyprich.sk\/de\/","name":"Cyprich - z\u00e1hrady a z\u00e1vlahy","isPartOf":{"@id":"https:\/\/www.cyprich.sk\/de\/#website"},"datePublished":"2021-03-23T17:34:24+00:00","dateModified":"2021-11-26T12:25:15+00:00","inLanguage":"de","potentialAction":[{"@type":"ReadAction","target":["https:\/\/www.cyprich.sk\/de\/"]}]},{"@type":"WebSite","@id":"https:\/\/www.cyprich.sk\/de\/#website","url":"https:\/\/www.cyprich.sk\/de\/","name":"Cyprich - z\u00e1hrady a z\u00e1vlahy","description":"","potentialAction":[{"@type":"SearchAction","target":{"@type":"EntryPoint","urlTemplate":"https:\/\/www.cyprich.sk\/de\/?s={search_term_string}"},"query-input":{"@type":"PropertyValueSpecification","valueRequired":true,"valueName":"search_term_string"}}],"inLanguage":"de"}]}},"_links":{"self":[{"href":"https:\/\/www.cyprich.sk\/de\/wp-json\/wp\/v2\/pages\/2871","targetHints":{"allow":["GET"]}}],"collection":[{"href":"https:\/\/www.cyprich.sk\/de\/wp-json\/wp\/v2\/pages"}],"about":[{"href":"https:\/\/www.cyprich.sk\/de\/wp-json\/wp\/v2\/types\/page"}],"author":[{"embeddable":true,"href":"https:\/\/www.cyprich.sk\/de\/wp-json\/wp\/v2\/users\/1"}],"replies":[{"embeddable":true,"href":"https:\/\/www.cyprich.sk\/de\/wp-json\/wp\/v2\/comments?post=2871"}],"version-history":[{"count":6,"href":"https:\/\/www.cyprich.sk\/de\/wp-json\/wp\/v2\/pages\/2871\/revisions"}],"predecessor-version":[{"id":3368,"href":"https:\/\/www.cyprich.sk\/de\/wp-json\/wp\/v2\/pages\/2871\/revisions\/3368"}],"wp:attachment":[{"href":"https:\/\/www.cyprich.sk\/de\/wp-json\/wp\/v2\/media?parent=2871"}],"curies":[{"name":"wp","href":"https:\/\/api.w.org\/{rel}","templated":true}]}}